{"id":407,"date":"2023-09-14T22:28:38","date_gmt":"2023-09-14T20:28:38","guid":{"rendered":"https:\/\/lhn.cydit.eu\/?page_id=407"},"modified":"2023-09-16T19:37:00","modified_gmt":"2023-09-16T17:37:00","slug":"devenez-membre","status":"publish","type":"page","link":"https:\/\/lahulpenature.be\/index.php\/devenez-membre\/","title":{"rendered":"Devenez membre"},"content":{"rendered":"\n<p>Vous souhaitez nous aider dans nos projets pour prot\u00e9ger la biodiversit\u00e9 de La Hulpe et environ? <\/p>\n\n\n\n<p>Rien de plus facile ! Faites vous membre de La Hulpe Nature ou r\u00e9affiliez-vous. Notre association vit essentiellement gr\u00e2ce aux cotisations de ses membres. Votre soutient financier est donc une aide pr\u00e9cieuse pour nous. <\/p>\n\n\n\n<h2 class=\"wp-block-heading\">Devenir membre adh\u00e9rent<\/h2>\n\n\n\n<p>Pour un montant de <strong>10\u20ac par an<\/strong> (soit 83 centimes par mois), vous pouvez obtenir le statut de membre adh\u00e9rent. Outre votre soutient, ce statut vous procure quelques avantages, comme une priorit\u00e9 d&rsquo;inscription \u00e0 nos activit\u00e9s, un prix r\u00e9duit pour les activit\u00e9s payantes ou encore la possibilit\u00e9 de participer \u00e0 notre assembl\u00e9e g\u00e9n\u00e9rale. <\/p>\n\n\n\n<h2 class=\"wp-block-heading\">Devenir donateur<\/h2>\n\n\n\n<p>En plus d&rsquo;une cotisation de membre adh\u00e9rent, vous avez aussi la possibilit\u00e9 de faire un don de votre choix pour soutenir nos projets. <\/p>\n\n\n\n<h2 class=\"wp-block-heading\">Coordonn\u00e9es bancaires<\/h2>\n\n\n\n<p>Pour payez votre cotisation, vous pouvez utiliser un <strong>virement bancaire<\/strong>, avec vos nom, pr\u00e9nom et adresse email en communication, et adress\u00e9 au compte bancaire suivant :<\/p>\n\n\n\n<p>IBAN : BE02 7512 0626 0840<\/p>\n\n\n\n<p>BIC : AXABBE22<\/p>\n\n\n\n<p>Titulaire : La Hulpe Nature asbl<\/p>\n\n\n\n<p>Vous souhaitez utiliser un moyen de <strong>payement avec votre smartphone<\/strong> ? Scannez le QR-code ci-dessous et utiliser votre appli bancaire pr\u00e9f\u00e9r\u00e9e :<\/p>\n\n\n<div class=\"wp-block-image\">\n<figure class=\"aligncenter size-full\"><img loading=\"lazy\" decoding=\"async\" width=\"400\" height=\"400\" src=\"https:\/\/lhn.cydit.eu\/wp-content\/uploads\/2023\/09\/QRCode_Cotisation_LHN.png\" alt=\"\" class=\"wp-image-408\" srcset=\"https:\/\/lahulpenature.be\/wp-content\/uploads\/2023\/09\/QRCode_Cotisation_LHN.png 400w, https:\/\/lahulpenature.be\/wp-content\/uploads\/2023\/09\/QRCode_Cotisation_LHN-300x300.png 300w, https:\/\/lahulpenature.be\/wp-content\/uploads\/2023\/09\/QRCode_Cotisation_LHN-150x150.png 150w\" sizes=\"auto, (max-width: 400px) 100vw, 400px\" \/><\/figure>\n<\/div>","protected":false},"excerpt":{"rendered":"<p>Vous souhaitez nous aider dans nos projets pour prot\u00e9ger la biodiversit\u00e9 de La Hulpe et environ? Rien de plus facile ! Faites vous membre&#8230;<\/p>\n","protected":false},"author":3,"featured_media":0,"parent":0,"menu_order":0,"comment_status":"closed","ping_status":"closed","template":"","meta":{"footnotes":""},"class_list":["post-407","page","type-page","status-publish","hentry"],"aioseo_notices":[],"_links":{"self":[{"href":"https:\/\/lahulpenature.be\/index.php\/wp-json\/wp\/v2\/pages\/407","targetHints":{"allow":["GET"]}}],"collection":[{"href":"https:\/\/lahulpenature.be\/index.php\/wp-json\/wp\/v2\/pages"}],"about":[{"href":"https:\/\/lahulpenature.be\/index.php\/wp-json\/wp\/v2\/types\/page"}],"author":[{"embeddable":true,"href":"https:\/\/lahulpenature.be\/index.php\/wp-json\/wp\/v2\/users\/3"}],"replies":[{"embeddable":true,"href":"https:\/\/lahulpenature.be\/index.php\/wp-json\/wp\/v2\/comments?post=407"}],"version-history":[{"count":4,"href":"https:\/\/lahulpenature.be\/index.php\/wp-json\/wp\/v2\/pages\/407\/revisions"}],"predecessor-version":[{"id":433,"href":"https:\/\/lahulpenature.be\/index.php\/wp-json\/wp\/v2\/pages\/407\/revisions\/433"}],"wp:attachment":[{"href":"https:\/\/lahulpenature.be\/index.php\/wp-json\/wp\/v2\/media?parent=407"}],"curies":[{"name":"wp","href":"https:\/\/api.w.org\/{rel}","templated":true}]}}