{"id":100,"date":"2023-07-13T19:56:02","date_gmt":"2023-07-13T17:56:02","guid":{"rendered":"https:\/\/lhn.cydit.eu\/?page_id=100"},"modified":"2023-09-14T21:34:48","modified_gmt":"2023-09-14T19:34:48","slug":"qui-sommes-nous","status":"publish","type":"page","link":"https:\/\/lahulpenature.be\/index.php\/qui-sommes-nous\/","title":{"rendered":"Qui sommes nous ?"},"content":{"rendered":"\n<p>L&rsquo;association <strong>La Hulpe Nature<\/strong> <strong>asbl<\/strong> vise \u00e0 mieux faire conna\u00eetre, comprendre, prot\u00e9ger, restaurer et am\u00e9liorer les diverses composantes de l&rsquo;environnement la hulpois. Il s&rsquo;agit donc de sensibiliser et d&rsquo;agir concr\u00e8tement pour pr\u00e9server ce patrimoine naturel qui constitue le cadre de vie des habitants de La Hulpe.<\/p>\n\n\n\n<p>L&rsquo;association est apolitique et a pour objet de s&rsquo;int\u00e9resser, de promouvoir et d&rsquo;agir directement et indirectement en faveur de notre environnement. Nos actions se d\u00e9clinent selon plusieurs th\u00e9matiques d\u00e9crites ci-dessous. <\/p>\n\n\n\n<h2 class=\"wp-block-heading\">La protection de la biodiversit\u00e9 et des conditions dont elle d\u00e9pend<\/h2>\n\n\n\n<p>Ces actions comprennent, entre autre :<\/p>\n\n\n\n<ul class=\"wp-block-list\">\n<li>la protection de la faune et de la flore sous toutes leurs formes<\/li>\n\n\n\n<li>la protection et la restauration des biotopes abritant la vie sauvage<\/li>\n\n\n\n<li>la gestion des patrimoines, domaines, r\u00e9serves naturelles, propri\u00e9t\u00e9s et tous biens pr\u00e9sentant un int\u00e9r\u00eat en faveur de la biodiversit\u00e9<\/li>\n<\/ul>\n\n\n\n<h2 class=\"wp-block-heading\">La protection des cours d&rsquo;eau et des \u00e9cosyst\u00e8mes aquatiques<\/h2>\n\n\n\n<p>La commune de La Hulpe a la chance d&rsquo;abriter de nombreuses zones humides de grand int\u00e9r\u00eat biologique. Dans ce cadre, notre association agit pour :<\/p>\n\n\n\n<ul class=\"wp-block-list\">\n<li>la sauvegarde de la qualit\u00e9 des cours d&rsquo;eau et la protection de leurs rives<\/li>\n\n\n\n<li>la protection et la restauration des zones humides et foresti\u00e8res afin de favoriser leur r\u00f4le \u00e9cologique et leur r\u00f4le de r\u00e9gulateur de l&rsquo;\u00e9coulement des eaux de ruissellement<\/li>\n\n\n\n<li>la protection des nappes aquif\u00e8res <\/li>\n<\/ul>\n\n\n\n<h2 class=\"wp-block-heading\">Garantir un acc\u00e8s \u00e9quitable \u00e0 la nature, dans le respect de celle-ci<\/h2>\n\n\n\n<p>Nous sommes convaincu que c&rsquo;est au contact de la nature que les personnes peuvent s&rsquo;\u00e9panouir et prendre conscience de sa protection. Mais pour ce faire, il est important que tout un chacun puisse avoir acc\u00e8s \u00e0 ce patrimoine naturel. Aussi, profiter de la nature ne veut pas dire que l&rsquo;on peut y faire tout et n&rsquo;importe quoi. C&rsquo;est pourquoi certaines de nos actions visent \u00e0 : <\/p>\n\n\n\n<ul class=\"wp-block-list\">\n<li>la sauvegarde et la d\u00e9fense des chemins publics de campagne et des sentiers forestiers et leur libre accessibilit\u00e9 aux promeneurs<\/li>\n\n\n\n<li>sensibiliser les diff\u00e9rents usagers des espaces verts aux bons gestes permettant de respecter et prot\u00e9ger la nature<\/li>\n<\/ul>\n\n\n\n<h2 class=\"wp-block-heading\">Inciter et sensibiliser \u00e0 l&rsquo;accueil de la nature au jardin<\/h2>\n\n\n\n<p>Les jardins constituent, pour de nombreuses esp\u00e8ces, des zones refuges et de relative qui\u00e9tude dans un environnement sous une constante pression. Afin de favoriser la biodiversit\u00e9 dans les jardins, nous militons pour : <\/p>\n\n\n\n<ul class=\"wp-block-list\">\n<li>la plantation de haie vives<\/li>\n\n\n\n<li>la cr\u00e9ation d&rsquo;un r\u00e9seau de jardins naturels plus accueillant \u00e0 la vie sauvage<\/li>\n<\/ul>\n\n\n\n<h2 class=\"wp-block-heading\">Assurer une vigilance vis \u00e0 vis du d\u00e9veloppement urbanistique<\/h2>\n\n\n\n<p>Dans une r\u00e9gion soumise \u00e0 de nombreux projets et d\u00e9veloppements urbanistiques, notre association se veut \u00eatre un acteur vigilant face aux potentiels nuisances pour l&rsquo;environnement. Ces pourquoi nous prenons positions dans des dossiers ayant trait :<\/p>\n\n\n\n<ul class=\"wp-block-list\">\n<li>\u00e0 la protection du patrimoine collectif architectural et paysager<\/li>\n\n\n\n<li>aux questions relatives \u00e0 l&rsquo;urbanisme, l&rsquo;am\u00e9nagement du territoire et les infrastructures de transport<\/li>\n<\/ul>\n\n\n\n<h2 class=\"wp-block-heading\">La lutte contre les pollutions et la promotion du d\u00e9veloppement dit durable<\/h2>\n\n\n\n<p>Enfin, certaines de nos actions sont plus transversales, et concernent par exemple :<\/p>\n\n\n\n<ul class=\"wp-block-list\">\n<li>la lutte contre les pollutions et nuisances de toute nature, en ce compris chimiques, phytosanitaires, \u00e9lectromagn\u00e9tiques, visuelles visuelles ou sonores<\/li>\n\n\n\n<li>la r\u00e9duction des d\u00e9chets de toutes origines et leurs recyclages<\/li>\n\n\n\n<li>les actions citoyennes qui visent \u00e0 la promotion des modes de consommation durables et \u00e9quitables de biens et de services<\/li>\n<\/ul>\n","protected":false},"excerpt":{"rendered":"<p>L&rsquo;association La Hulpe Nature asbl vise \u00e0 mieux faire conna\u00eetre, comprendre, prot\u00e9ger, restaurer et am\u00e9liorer les diverses composantes de l&rsquo;environnement la hulpois. Il s&rsquo;agit&#8230;<\/p>\n","protected":false},"author":3,"featured_media":0,"parent":0,"menu_order":0,"comment_status":"closed","ping_status":"closed","template":"","meta":{"footnotes":""},"class_list":["post-100","page","type-page","status-publish","hentry"],"aioseo_notices":[],"_links":{"self":[{"href":"https:\/\/lahulpenature.be\/index.php\/wp-json\/wp\/v2\/pages\/100","targetHints":{"allow":["GET"]}}],"collection":[{"href":"https:\/\/lahulpenature.be\/index.php\/wp-json\/wp\/v2\/pages"}],"about":[{"href":"https:\/\/lahulpenature.be\/index.php\/wp-json\/wp\/v2\/types\/page"}],"author":[{"embeddable":true,"href":"https:\/\/lahulpenature.be\/index.php\/wp-json\/wp\/v2\/users\/3"}],"replies":[{"embeddable":true,"href":"https:\/\/lahulpenature.be\/index.php\/wp-json\/wp\/v2\/comments?post=100"}],"version-history":[{"count":5,"href":"https:\/\/lahulpenature.be\/index.php\/wp-json\/wp\/v2\/pages\/100\/revisions"}],"predecessor-version":[{"id":400,"href":"https:\/\/lahulpenature.be\/index.php\/wp-json\/wp\/v2\/pages\/100\/revisions\/400"}],"wp:attachment":[{"href":"https:\/\/lahulpenature.be\/index.php\/wp-json\/wp\/v2\/media?parent=100"}],"curies":[{"name":"wp","href":"https:\/\/api.w.org\/{rel}","templated":true}]}}